
{"id":65,"date":"2020-09-13T20:40:00","date_gmt":"2020-09-13T18:40:00","guid":{"rendered":"http:\/\/communaute-israelite-saint-louis.fr\/?page_id=65"},"modified":"2026-05-03T21:01:44","modified_gmt":"2026-05-03T19:01:44","slug":"la-communaute-israelite-de-saint-louis-une-communaute-en-expansion-porteuse-de-projets-davenir","status":"publish","type":"page","link":"https:\/\/communaute-israelite-saint-louis.fr\/?page_id=65","title":{"rendered":"Une communaut\u00e9 en expansion !"},"content":{"rendered":"\n<h2 class=\"wp-block-heading\"><strong>La communaut\u00e9 Isra\u00e9lite de Saint-Louis (CISL), une communaut\u00e9 en pleine expansion, porteuse de projets d\u2019avenir\u2026<\/strong><\/h2>\n\n\n\n<p>La communaut\u00e9 Isra\u00e9lite de Saint-Louis (Haut-Rhin) s\u2019agrandit et vous propose de <strong>nombreuses perspectives<\/strong>\u2026  <strong>(<\/strong>Voir aussi l&rsquo;onglet sur<strong> ST-LOUIS et L&rsquo;EMPLOI)<\/strong><\/p>\n\n\n\n<h2 class=\"wp-block-heading\"><\/h2>\n\n\n\n<p>Actuellement, la communaut\u00e9 isra\u00e9lite de Saint-Louis (CISL) dispose des <strong>infrastructures <\/strong>suivantes (au niveau consistorial ou priv\u00e9)&nbsp;:<\/p>\n\n\n\n<p>\u2022&nbsp;&nbsp;<strong>Une Grande Synagogue <\/strong>(voir la page d&rsquo;acceuil ainsi que la photo et l&rsquo; \u00ab\u00a0esquisse\u00a0\u00bb plus bas sur cette page&#8230;)<\/p>\n\n\n\n<p>\u2022  <strong> Un Baal Kor\u00e9, un Rabbin &amp; une Commission Administrative<\/strong><\/p>\n\n\n\n<p>\u2022<strong>   Un Centre Communautaire avec un Oratoire et une bibliotheque<\/strong><\/p>\n\n\n\n<p>\u2022&nbsp; <strong>Une grande Souccah communautaire<\/strong><\/p>\n\n\n\n<p>\u2022&nbsp; <strong>Un Talmud Thora<\/strong><\/p>\n\n\n\n<p>\u2022  <strong>Un Gan\/maternelle agr\u00e9\u00e9 par l\u2019<strong>\u00e9ducation nationale<\/strong><\/strong><\/p>\n\n\n\n<p>\u2022  <strong>Une Ecole primaire agr\u00e9\u00e9e par l\u2019<strong>\u00e9ducation nationale<\/strong><\/strong><\/p>\n\n\n\n<p>\u2022&nbsp;&nbsp;<strong>Un Coll\u00e8ge agr\u00e9\u00e9 par l\u2019\u00e9ducation nationale<\/strong><\/p>\n\n\n\n<p>\u2022  <strong>Un (nouveau) Collel<\/strong> <strong>de Saint-Louis<\/strong><\/p>\n\n\n\n<p>\u2022  <strong>Un Collel \u201cerev \u201d du soir<\/strong><\/p>\n\n\n\n<p>\u2022  <strong>Une salle de jeux d\u00e9di\u00e9e aux enfants de la communaut\u00e9 de 0 \u00e0 11 ans inclus<\/strong><\/p>\n\n\n\n<p>\u2022  <strong>Un point  de vente de Hallots toutes tailles<\/strong><\/p>\n\n\n\n<p>\u2022  <strong>Un point de vente de pizzas professionnelles, tous les Dimanches 12H00 &#8211; 13H45<\/strong><\/p>\n\n\n\n<p>\u2022  <strong>Un traiteur Glatt Kosher sous la stricte surveillance du Rabbin<\/strong><\/p>\n\n\n\n<p>\u2022  <strong>Une \u00e9picerie achaland\u00e9e Kacher Lamehadrine<\/strong><\/p>\n\n\n\n<p>\u2022  <strong>Une Y\u00e9chiva&nbsp; avec un Beith Haknesset et Beith Hamidrash<\/strong><\/p>\n\n\n\n<p><strong>\u2022 Un mikv\u00e9 homme<\/strong><\/p>\n\n\n\n<p>\u2022 <strong>Un nouveau Mikv\u00e9 dame moderne &nbsp;<\/strong><\/p>\n\n\n\n<p><strong>\u2022\u00a0<a href=\"https:\/\/communaute-israelite-saint-louis.fr\/?page_id=33\">Une boulangerie avec une large s\u00e9l\u00e9ction de pains Kachers (pains uniquement) <\/a><\/strong> ( voir sous kasherut)<\/p>\n\n\n\n<p>\u2022  <strong>Un petit point de vente d&rsquo;objets religieux<\/strong><\/p>\n\n\n\n<p>\u2022 <strong>Un Gmach<\/strong><\/p>\n\n\n\n<p>\u2022&nbsp;<strong>Deux cimeti\u00e8res<\/strong> <strong>r\u00e9serv\u00e9s \u00e0 la communaut\u00e9<\/strong><\/p>\n\n\n\n<p>\u2022  <strong>\u00ab\u00a0Hevra Kadicha\u00a0\u00bb<\/strong><\/p>\n\n\n\n<p>\u2022 <strong>Pour info: <b>Ch<\/b><\/strong><b>iourims r\u00e9guliers dispens\u00e9s par divers rabbanims&nbsp;&nbsp;&nbsp;&nbsp;&nbsp;&nbsp;<\/b><\/p>\n\n\n\n<p>\u2022<strong>&nbsp;Pour info:<\/strong> <strong>Divers \u00e9v\u00e8nements communautaires, repas communautaires etc&#8230; <\/strong><\/p>\n\n\n\n<p>\u2022 <strong>Pour info: Kiddouch Communautaire apr\u00e8s l&rsquo;office du Samedi Matin<\/strong><\/p>\n\n\n\n<p>\u2022 <strong>ET BEAUCOUP PLUS&#8230; <\/strong><\/p>\n\n\n\n<p>Pour plus d&rsquo;informations ou un contact pr\u00e9cis, veuillez svp envoyer un email \u00e0 La CISL: CONTACTLACISL@GMAIL.COM<\/p>\n\n\n\n<p>La communaut\u00e9 vit en <strong>harmonie<\/strong> avec ses voisins non-juifs, dot\u00e9e d&rsquo;un <strong>esprit tr\u00e8s solidaire<\/strong>, familiale et d&rsquo;entraide, l\u2019ambiance y est particuli\u00e8rement chaleureuse et \u00e9panouissante au niveau <strong>Thora\u00efque<\/strong>; tout un chacun y est ainsi le bienvenu et s\u2019y <strong>sent \u00e0 l\u2019aise<\/strong>\u2026<\/p>\n\n\n\n<p>La CISL saura vous accueillir pour vos projets d&rsquo;installation&#8230;  <\/p>\n\n\n\n<div class=\"wp-block-media-text alignwide is-stacked-on-mobile\"><figure class=\"wp-block-media-text__media\"><\/figure><div class=\"wp-block-media-text__content\">\n<p class=\"has-large-font-size\"><\/p>\n<\/div><\/div>\n\n\n\n<p><\/p>\n\n\n\n<p><\/p>\n\n\n\n<p><strong>LA COMMUNAUTEE JUIVE DE SAINT-LOUIS A l&rsquo;HONNEUR DANS LE MAGAZINE \u00ab\u00a0ACTUALITE JUIVE\u00a0\u00bb<\/strong><\/p>\n\n\n\n<figure class=\"wp-block-image size-large\"><img loading=\"lazy\" decoding=\"async\" width=\"1024\" height=\"765\" src=\"http:\/\/communaute-israelite-saint-louis.fr\/wp-content\/uploads\/2020\/12\/thumbnail-1.jpg\" alt=\"\" class=\"wp-image-476\" srcset=\"https:\/\/communaute-israelite-saint-louis.fr\/wp-content\/uploads\/2020\/12\/thumbnail-1.jpg 1024w, https:\/\/communaute-israelite-saint-louis.fr\/wp-content\/uploads\/2020\/12\/thumbnail-1-300x224.jpg 300w, https:\/\/communaute-israelite-saint-louis.fr\/wp-content\/uploads\/2020\/12\/thumbnail-1-768x574.jpg 768w\" sizes=\"(max-width: 1024px) 100vw, 1024px\" \/><\/figure>\n\n\n\n<p><\/p>\n\n\n\n<h3 class=\"wp-block-heading\"><strong>QUELQUES PHOTOGRAPHIES D&rsquo;\u00c9V\u00c9NEMENTS PASS<strong>\u00c9<\/strong>S<\/strong><\/h3>\n\n\n\n<div class=\"wp-block-group\"><div class=\"wp-block-group__inner-container is-layout-flow wp-block-group-is-layout-flow\"><div class=\"wp-block-image\">\n<figure class=\"aligncenter size-large is-resized\"><img loading=\"lazy\" decoding=\"async\" width=\"401\" height=\"1024\" src=\"http:\/\/communaute-israelite-saint-louis.fr\/wp-content\/uploads\/2020\/11\/352C098F-0842-4C62-8F1E-2FF164A817DA-3-401x1024.jpg\" alt=\"\" class=\"wp-image-436\" style=\"width:240px;height:613px\" srcset=\"https:\/\/communaute-israelite-saint-louis.fr\/wp-content\/uploads\/2020\/11\/352C098F-0842-4C62-8F1E-2FF164A817DA-3-401x1024.jpg 401w, https:\/\/communaute-israelite-saint-louis.fr\/wp-content\/uploads\/2020\/11\/352C098F-0842-4C62-8F1E-2FF164A817DA-3-117x300.jpg 117w, https:\/\/communaute-israelite-saint-louis.fr\/wp-content\/uploads\/2020\/11\/352C098F-0842-4C62-8F1E-2FF164A817DA-3-768x1962.jpg 768w, https:\/\/communaute-israelite-saint-louis.fr\/wp-content\/uploads\/2020\/11\/352C098F-0842-4C62-8F1E-2FF164A817DA-3-601x1536.jpg 601w, https:\/\/communaute-israelite-saint-louis.fr\/wp-content\/uploads\/2020\/11\/352C098F-0842-4C62-8F1E-2FF164A817DA-3-802x2048.jpg 802w, https:\/\/communaute-israelite-saint-louis.fr\/wp-content\/uploads\/2020\/11\/352C098F-0842-4C62-8F1E-2FF164A817DA-3-scaled.jpg 1002w\" sizes=\"(max-width: 401px) 100vw, 401px\" \/><figcaption class=\"wp-element-caption\">JECJ 2020 &#8211; Grande Synagogue de Saint-Louis. Le Pr\u00e9sident de la CISL.<\/figcaption><\/figure><\/div><\/div><\/div>\n\n\n<div class=\"wp-block-image\">\n<figure class=\"aligncenter size-large is-resized\"><img loading=\"lazy\" decoding=\"async\" width=\"456\" height=\"1024\" src=\"http:\/\/communaute-israelite-saint-louis.fr\/wp-content\/uploads\/2020\/11\/IMG_8129-4-456x1024.jpg\" alt=\"\" class=\"wp-image-437\" style=\"width:236px;height:530px\" srcset=\"https:\/\/communaute-israelite-saint-louis.fr\/wp-content\/uploads\/2020\/11\/IMG_8129-4-456x1024.jpg 456w, https:\/\/communaute-israelite-saint-louis.fr\/wp-content\/uploads\/2020\/11\/IMG_8129-4-134x300.jpg 134w, https:\/\/communaute-israelite-saint-louis.fr\/wp-content\/uploads\/2020\/11\/IMG_8129-4.jpg 500w\" sizes=\"(max-width: 456px) 100vw, 456px\" \/><figcaption class=\"wp-element-caption\">JECJ 2020 &#8211; Grande Synagogue de Saint-Louis. Le Rabbin de la CISL.<br><\/figcaption><\/figure><\/div>\n\n<div class=\"wp-block-image\">\n<figure class=\"aligncenter size-large\"><img loading=\"lazy\" decoding=\"async\" width=\"768\" height=\"1024\" src=\"http:\/\/communaute-israelite-saint-louis.fr\/wp-content\/uploads\/2020\/12\/IMG_8116-768x1024.jpg\" alt=\"\" class=\"wp-image-446\" srcset=\"https:\/\/communaute-israelite-saint-louis.fr\/wp-content\/uploads\/2020\/12\/IMG_8116-768x1024.jpg 768w, https:\/\/communaute-israelite-saint-louis.fr\/wp-content\/uploads\/2020\/12\/IMG_8116-225x300.jpg 225w, https:\/\/communaute-israelite-saint-louis.fr\/wp-content\/uploads\/2020\/12\/IMG_8116-1152x1536.jpg 1152w, https:\/\/communaute-israelite-saint-louis.fr\/wp-content\/uploads\/2020\/12\/IMG_8116.jpg 1512w\" sizes=\"(max-width: 768px) 100vw, 768px\" \/><figcaption class=\"wp-element-caption\"><strong>Lors de la JECJ 2020 le MAIRE de SAINT-LOUIS nous a fait le grand honneur de participer \u00e0 la conf\u00e9rence du Rabbin Breisacher<\/strong>&#8230;<\/figcaption><\/figure><\/div>\n\n\n<p><\/p>\n\n\n\n<p><\/p>\n\n\n\n<p><\/p>\n\n\n\n<p><\/p>\n\n\n\n<figure class=\"wp-block-image alignwide\"><img loading=\"lazy\" decoding=\"async\" width=\"1024\" height=\"576\" src=\"http:\/\/communaute-israelite-saint-louis.fr\/wp-content\/uploads\/2020\/12\/1-HAN-1024x576.png\" alt=\"\" class=\"wp-image-485\" srcset=\"https:\/\/communaute-israelite-saint-louis.fr\/wp-content\/uploads\/2020\/12\/1-HAN-1024x576.png 1024w, https:\/\/communaute-israelite-saint-louis.fr\/wp-content\/uploads\/2020\/12\/1-HAN-300x169.png 300w, https:\/\/communaute-israelite-saint-louis.fr\/wp-content\/uploads\/2020\/12\/1-HAN-768x432.png 768w, https:\/\/communaute-israelite-saint-louis.fr\/wp-content\/uploads\/2020\/12\/1-HAN-1536x864.png 1536w, https:\/\/communaute-israelite-saint-louis.fr\/wp-content\/uploads\/2020\/12\/1-HAN.png 1920w\" sizes=\"(max-width: 1024px) 100vw, 1024px\" \/><figcaption class=\"wp-element-caption\"><strong>CI<\/strong>&#8211;<strong>DESSUS ET CI-DESSOUS PIECE DE THEATRE SUR LE THEME DE HANOUKAH PRESENTEE PAR QUELQUES ENFANTS DE L&rsquo;ECOLE JUIVE<\/strong><\/figcaption><\/figure>\n\n\n\n<figure class=\"wp-block-image alignfull size-large\"><img loading=\"lazy\" decoding=\"async\" width=\"1024\" height=\"576\" src=\"http:\/\/communaute-israelite-saint-louis.fr\/wp-content\/uploads\/2020\/12\/HAN2-1024x576.png\" alt=\"\" class=\"wp-image-486\" srcset=\"https:\/\/communaute-israelite-saint-louis.fr\/wp-content\/uploads\/2020\/12\/HAN2-1024x576.png 1024w, https:\/\/communaute-israelite-saint-louis.fr\/wp-content\/uploads\/2020\/12\/HAN2-300x169.png 300w, https:\/\/communaute-israelite-saint-louis.fr\/wp-content\/uploads\/2020\/12\/HAN2-768x432.png 768w, https:\/\/communaute-israelite-saint-louis.fr\/wp-content\/uploads\/2020\/12\/HAN2-1536x864.png 1536w, https:\/\/communaute-israelite-saint-louis.fr\/wp-content\/uploads\/2020\/12\/HAN2.png 1920w\" sizes=\"(max-width: 1024px) 100vw, 1024px\" \/><\/figure>\n\n\n\n<p><\/p>\n\n\n\n<p><\/p>\n\n\n\n<p><\/p>\n\n\n\n<p><\/p>\n\n\n\n<p><\/p>\n\n\n\n<figure class=\"wp-block-image\"><img decoding=\"async\" src=\"http:\/\/communaute-israelite-saint-louis.fr\/wp-content\/uploads\/2020\/09\/thumbnail-2.jpg\" alt=\"L\u2019attribut alt de cette image est vide, son nom de fichier est thumbnail-2.jpg.\"\/><figcaption class=\"wp-element-caption\">Une \u00ab\u00a0toute petite\u00a0\u00bb f\u00eate en l&rsquo;honneur d&rsquo;un Bar-Mitsva<\/figcaption><\/figure>\n\n\n\n<p><\/p>\n\n\n\n<figure class=\"wp-block-image size-large\"><img loading=\"lazy\" decoding=\"async\" width=\"1024\" height=\"768\" src=\"http:\/\/communaute-israelite-saint-louis.fr\/wp-content\/uploads\/2020\/09\/thumbnail-1.jpg\" alt=\"\" class=\"wp-image-235\" srcset=\"https:\/\/communaute-israelite-saint-louis.fr\/wp-content\/uploads\/2020\/09\/thumbnail-1.jpg 1024w, https:\/\/communaute-israelite-saint-louis.fr\/wp-content\/uploads\/2020\/09\/thumbnail-1-300x225.jpg 300w, https:\/\/communaute-israelite-saint-louis.fr\/wp-content\/uploads\/2020\/09\/thumbnail-1-768x576.jpg 768w\" sizes=\"(max-width: 1024px) 100vw, 1024px\" \/><\/figure>\n\n\n\n<p>Hanouka 5780 &#8211; Mini Hanouka party (cr\u00eapes, beignets, boissons, bonbons, cadeaux&#8230;) <strong>pour les plus petits<\/strong> avec projections sur grand \u00e9cran d&rsquo;un film cr\u00e9\u00e9, mont\u00e9, mis en sc\u00e8ne et r\u00e9alis\u00e9 par les enfants eux-m\u00eames sur le th\u00e8me de Hanouka. Th\u00e9atre, Chorale, Jeux et beaucoup d&rsquo;amusements pour tous !<\/p>\n\n\n\n<p><\/p>\n\n\n\n<figure class=\"wp-block-table\"><table><tbody><tr><td class=\"has-text-align-center\" data-align=\"center\"><img loading=\"lazy\" decoding=\"async\" width=\"1500\" height=\"1125\" class=\"wp-image-242\" style=\"width: 1500px;\" src=\"http:\/\/communaute-israelite-saint-louis.fr\/wp-content\/uploads\/2020\/09\/Teilnehmer-P1070275.jpg\" alt=\"\" srcset=\"https:\/\/communaute-israelite-saint-louis.fr\/wp-content\/uploads\/2020\/09\/Teilnehmer-P1070275.jpg 640w, https:\/\/communaute-israelite-saint-louis.fr\/wp-content\/uploads\/2020\/09\/Teilnehmer-P1070275-300x225.jpg 300w\" sizes=\"(max-width: 1500px) 100vw, 1500px\" \/><\/td><td class=\"has-text-align-center\" data-align=\"center\"><img loading=\"lazy\" decoding=\"async\" width=\"1500\" height=\"1125\" class=\"wp-image-240\" style=\"width: 1500px;\" src=\"http:\/\/communaute-israelite-saint-louis.fr\/wp-content\/uploads\/2020\/09\/Teilnehmer-vorne-stehend-Rabb.-Breisacher-P1070280.jpg\" alt=\"\" srcset=\"https:\/\/communaute-israelite-saint-louis.fr\/wp-content\/uploads\/2020\/09\/Teilnehmer-vorne-stehend-Rabb.-Breisacher-P1070280.jpg 640w, https:\/\/communaute-israelite-saint-louis.fr\/wp-content\/uploads\/2020\/09\/Teilnehmer-vorne-stehend-Rabb.-Breisacher-P1070280-300x225.jpg 300w\" sizes=\"(max-width: 1500px) 100vw, 1500px\" \/><\/td><\/tr><\/tbody><\/table><\/figure>\n\n\n\n<p><\/p>\n\n\n\n<p>Notre \u00ab\u00a0choucroute annuelle\u00a0\u00bb de 80 \u00e0 100 personnes qui remporte un franc succ\u00e8s (aussi et sp\u00e9cialement aupr\u00e8s de nos amis Suisses) et qui est organis\u00e9e par G\u00e9rard et Noomi Meyer depuis de nombreuses ann\u00e9es.<\/p>\n\n\n<div class=\"wp-block-image is-style-default\">\n<figure class=\"aligncenter size-full is-resized\"><img loading=\"lazy\" decoding=\"async\" width=\"442\" height=\"384\" src=\"http:\/\/communaute-israelite-saint-louis.fr\/wp-content\/uploads\/2020\/09\/stlouis.png\" alt=\"\" class=\"wp-image-378\" style=\"width:581px;height:505px\" srcset=\"https:\/\/communaute-israelite-saint-louis.fr\/wp-content\/uploads\/2020\/09\/stlouis.png 442w, https:\/\/communaute-israelite-saint-louis.fr\/wp-content\/uploads\/2020\/09\/stlouis-300x261.png 300w\" sizes=\"(max-width: 442px) 100vw, 442px\" \/><\/figure><\/div>\n\n<div class=\"wp-block-image\">\n<figure class=\"aligncenter\"><img decoding=\"async\" src=\"https:\/\/asset-premium.keepeek.com\/medias\/domain37\/media440\/66045-2u29qhvuc6-whr.jpg\" alt=\"Synagogue De Saint-Louis\"\/><\/figure><\/div>\n\n\n<p>              La Grande Synagogue de Saint-Louis &#8211; Vue depuis la galerie des femmes&#8230;<\/p>\n\n\n\n<p><\/p>\n\n\n<div class=\"wp-block-image\">\n<figure class=\"aligncenter size-large\"><img loading=\"lazy\" decoding=\"async\" width=\"1024\" height=\"768\" src=\"http:\/\/communaute-israelite-saint-louis.fr\/wp-content\/uploads\/2020\/09\/IMG_8257-1024x768.jpg\" alt=\"\" class=\"wp-image-369\" srcset=\"https:\/\/communaute-israelite-saint-louis.fr\/wp-content\/uploads\/2020\/09\/IMG_8257-1024x768.jpg 1024w, https:\/\/communaute-israelite-saint-louis.fr\/wp-content\/uploads\/2020\/09\/IMG_8257-300x225.jpg 300w, https:\/\/communaute-israelite-saint-louis.fr\/wp-content\/uploads\/2020\/09\/IMG_8257-768x576.jpg 768w, https:\/\/communaute-israelite-saint-louis.fr\/wp-content\/uploads\/2020\/09\/IMG_8257-1536x1152.jpg 1536w, https:\/\/communaute-israelite-saint-louis.fr\/wp-content\/uploads\/2020\/09\/IMG_8257.jpg 2016w\" sizes=\"(max-width: 1024px) 100vw, 1024px\" \/><\/figure><\/div>\n\n<div class=\"wp-block-image\">\n<figure class=\"aligncenter size-large\"><img loading=\"lazy\" decoding=\"async\" width=\"1024\" height=\"768\" src=\"http:\/\/communaute-israelite-saint-louis.fr\/wp-content\/uploads\/2020\/09\/IMG_8256-1024x768.jpg\" alt=\"\" class=\"wp-image-370\" srcset=\"https:\/\/communaute-israelite-saint-louis.fr\/wp-content\/uploads\/2020\/09\/IMG_8256-1024x768.jpg 1024w, https:\/\/communaute-israelite-saint-louis.fr\/wp-content\/uploads\/2020\/09\/IMG_8256-300x225.jpg 300w, https:\/\/communaute-israelite-saint-louis.fr\/wp-content\/uploads\/2020\/09\/IMG_8256-768x576.jpg 768w, https:\/\/communaute-israelite-saint-louis.fr\/wp-content\/uploads\/2020\/09\/IMG_8256-1536x1152.jpg 1536w, https:\/\/communaute-israelite-saint-louis.fr\/wp-content\/uploads\/2020\/09\/IMG_8256.jpg 2016w\" sizes=\"(max-width: 1024px) 100vw, 1024px\" \/><\/figure><\/div>\n\n<div class=\"wp-block-image\">\n<figure class=\"aligncenter size-large\"><img loading=\"lazy\" decoding=\"async\" width=\"1024\" height=\"768\" src=\"http:\/\/communaute-israelite-saint-louis.fr\/wp-content\/uploads\/2020\/09\/IMG_8255-1024x768.jpg\" alt=\"\" class=\"wp-image-371\" srcset=\"https:\/\/communaute-israelite-saint-louis.fr\/wp-content\/uploads\/2020\/09\/IMG_8255-1024x768.jpg 1024w, https:\/\/communaute-israelite-saint-louis.fr\/wp-content\/uploads\/2020\/09\/IMG_8255-300x225.jpg 300w, https:\/\/communaute-israelite-saint-louis.fr\/wp-content\/uploads\/2020\/09\/IMG_8255-768x576.jpg 768w, https:\/\/communaute-israelite-saint-louis.fr\/wp-content\/uploads\/2020\/09\/IMG_8255-1536x1152.jpg 1536w, https:\/\/communaute-israelite-saint-louis.fr\/wp-content\/uploads\/2020\/09\/IMG_8255.jpg 2016w\" sizes=\"(max-width: 1024px) 100vw, 1024px\" \/><\/figure><\/div>\n\n\n<p>Notre salle de jeux (s\u00e9curis\u00e9e) d\u00e9di\u00e9e aux enfants jusqu&rsquo;\u00e0 11 ans ! \ud83d\ude42<\/p>\n\n\n<div class=\"wp-block-image\">\n<figure class=\"aligncenter size-large\"><img loading=\"lazy\" decoding=\"async\" width=\"1024\" height=\"778\" src=\"http:\/\/communaute-israelite-saint-louis.fr\/wp-content\/uploads\/2020\/11\/PHOTO-2020-11-30-16-22-50.jpg\" alt=\"\" class=\"wp-image-438\" srcset=\"https:\/\/communaute-israelite-saint-louis.fr\/wp-content\/uploads\/2020\/11\/PHOTO-2020-11-30-16-22-50.jpg 1024w, https:\/\/communaute-israelite-saint-louis.fr\/wp-content\/uploads\/2020\/11\/PHOTO-2020-11-30-16-22-50-300x228.jpg 300w, https:\/\/communaute-israelite-saint-louis.fr\/wp-content\/uploads\/2020\/11\/PHOTO-2020-11-30-16-22-50-768x584.jpg 768w\" sizes=\"(max-width: 1024px) 100vw, 1024px\" \/><figcaption class=\"wp-element-caption\">Souvenir &#8211; La Grande Synagogue de Saint-Louis,  lors de son inauguration en 1907, photo donn\u00e9e au Rabbin Meyer par Monsieur Taufall<\/figcaption><\/figure><\/div>","protected":false},"excerpt":{"rendered":"<p>La communaut\u00e9 Isra\u00e9lite de Saint-Louis (CISL), une communaut\u00e9 en pleine expansion, porteuse de projets d\u2019avenir\u2026 La communaut\u00e9 Isra\u00e9lite de Saint-Louis (Haut-Rhin) s\u2019agrandit et vous propose de nombreuses perspectives\u2026 (Voir aussi &#8230;<\/p>\n","protected":false},"author":1,"featured_media":0,"parent":0,"menu_order":0,"comment_status":"closed","ping_status":"closed","template":"","meta":{"footnotes":""},"class_list":["post-65","page","type-page","status-publish","hentry"],"_links":{"self":[{"href":"https:\/\/communaute-israelite-saint-louis.fr\/index.php?rest_route=\/wp\/v2\/pages\/65"}],"collection":[{"href":"https:\/\/communaute-israelite-saint-louis.fr\/index.php?rest_route=\/wp\/v2\/pages"}],"about":[{"href":"https:\/\/communaute-israelite-saint-louis.fr\/index.php?rest_route=\/wp\/v2\/types\/page"}],"author":[{"embeddable":true,"href":"https:\/\/communaute-israelite-saint-louis.fr\/index.php?rest_route=\/wp\/v2\/users\/1"}],"replies":[{"embeddable":true,"href":"https:\/\/communaute-israelite-saint-louis.fr\/index.php?rest_route=%2Fwp%2Fv2%2Fcomments&post=65"}],"version-history":[{"count":101,"href":"https:\/\/communaute-israelite-saint-louis.fr\/index.php?rest_route=\/wp\/v2\/pages\/65\/revisions"}],"predecessor-version":[{"id":701,"href":"https:\/\/communaute-israelite-saint-louis.fr\/index.php?rest_route=\/wp\/v2\/pages\/65\/revisions\/701"}],"wp:attachment":[{"href":"https:\/\/communaute-israelite-saint-louis.fr\/index.php?rest_route=%2Fwp%2Fv2%2Fmedia&parent=65"}],"curies":[{"name":"wp","href":"https:\/\/api.w.org\/{rel}","templated":true}]}}