
{"id":33,"date":"2020-09-08T21:32:13","date_gmt":"2020-09-08T19:32:13","guid":{"rendered":"http:\/\/communaute-israelite-saint-louis.fr\/?page_id=33"},"modified":"2026-04-27T22:14:31","modified_gmt":"2026-04-27T20:14:31","slug":"informations-generales","status":"publish","type":"page","link":"https:\/\/communaute-israelite-saint-louis.fr\/?page_id=33","title":{"rendered":"INFORMATIONS G\u00c9N\u00c9RALES"},"content":{"rendered":"\n<p><\/p>\n\n\n\n<p><strong>La Grande Synagogue<\/strong> : 5 rue de la Synagogue, 68300 Saint-Louis<\/p>\n\n\n\n<iframe loading=\"lazy\" src=\"https:\/\/www.google.com\/maps\/embed?pb=!1m18!1m12!1m3!1d2690.965486025338!2d7.564584715629887!3d47.587913379183455!2m3!1f0!2f0!3f0!3m2!1i1024!2i768!4f13.1!3m3!1m2!1s0x4791b966d7b4aec9%3A0x9a25359100a67e3d!2s5%20Rue%20de%20la%20Synagogue%2C%2068300%20Saint-Louis!5e0!3m2!1sfr!2sfr!4v1601490243134!5m2!1sfr!2sfr\" style=\"border:0;\" allowfullscreen=\"\" aria-hidden=\"false\" tabindex=\"0\" width=\"300\" height=\"225\" frameborder=\"0\"><\/iframe>\n\n\n\n<p><strong>Le Centre communautaire<\/strong> : 19 rue du Temple, 68300 Saint-Louis<\/p>\n\n\n\n<iframe loading=\"lazy\" src=\"https:\/\/www.google.com\/maps\/embed?pb=!1m18!1m12!1m3!1d2690.9749048320614!2d7.563856015629872!3d47.587730179183325!2m3!1f0!2f0!3f0!3m2!1i1024!2i768!4f13.1!3m3!1m2!1s0x4791b96725769e91%3A0xc561c14bc4a80be7!2s19%20Rue%20du%20Temple%2C%2068300%20Saint-Louis!5e0!3m2!1sfr!2sfr!4v1601490481641!5m2!1sfr!2sfr\" style=\"border:0;\" allowfullscreen=\"\" aria-hidden=\"false\" tabindex=\"0\" width=\"300\" height=\"225\" frameborder=\"0\"><\/iframe>\n\n\n\n<p><strong>Souccah Communautaire<\/strong> : 19 rue du Temple, 68300 Saint-Louis &#8211; Jardins<\/p>\n\n\n\n<p>Notre <strong>email<\/strong> : contactlacisl@gmail.com<\/p>\n\n\n\n<h4 class=\"wp-block-heading\">SERVICES COMMUNAUTAIRES:<\/h4>\n\n\n\n<h6 class=\"wp-block-heading\">Hevra Kadicha <\/h6>\n\n\n\n<p>Rabbin Rapha\u00ebl BREISACHER &#8211; 03 89 67 78 90<\/p>\n\n\n\n<p><\/p>\n\n\n\n<p>Cimeti\u00e8re de H\u00e9genheim (1673)<\/p>\n\n\n\n<p>Pour info: Synagogue de H\u00e9genheim, br\u00fbl\u00e9e et reconstruite en 1821 (propri\u00e9taire priv\u00e9)<\/p>\n\n\n\n<p>Cimeti\u00e8re de Hagenthal : Hagenthal-le-Bas et Hagenthal-le-Haut<\/p>\n\n\n\n<p><\/p>\n\n\n\n<p><\/p>\n\n\n\n<h5 class=\"wp-block-heading\"><strong>Talmud Thora<\/strong> : Directeur,  Rabbin Rapha\u00ebl BREISACHER<\/h5>\n\n\n\n<p>Mercredi Apr\u00e8s-midi au centre communautaire<\/p>\n\n\n\n<h3 class=\"wp-block-heading\">KASHERUT :<\/h3>\n\n\n\n<h5 class=\"wp-block-heading\">Le magasin casher de la Yeshiva de St-Louis<\/h5>\n\n\n\n<h6 class=\"wp-block-heading\">KOSHER SHOP :<\/h6>\n\n\n\n<p>Magasin casher avec&nbsp;un choix de viandes congel\u00e9es et de vins.<\/p>\n\n\n\n<p>3 rue du Gal Cassagnou, 68300 St-Louis<\/p>\n\n\n\n<p>t\u00e9l. +33 3 89 91 13 30<\/p>\n\n\n\n<p>koschershop.ohrhatalmud@gmail.com<\/p>\n\n\n\n<p>HORAIRES D\u2019OUVERTURE :<\/p>\n\n\n\n<p>Dimanche : 11h00 \u2013 13h00, 15h00 \u2013 17h00<\/p>\n\n\n\n<p>Lundi : Ferm\u00e9<\/p>\n\n\n\n<p>Mardi : 16h00 \u2013 19h00<\/p>\n\n\n\n<p>Mercredi : 16h00 \u2013 19h00<\/p>\n\n\n\n<p>Jeudi : 16h00 \u2013 19h00<\/p>\n\n\n\n<p>Vendredi : 09h00 \u2013 10h00<\/p>\n\n\n\n<p>t\u00e9l. 03 89 70 00 48 \/ 03 89 70 15 15 \/ koschershop.ohrhatalmud@gmail.com<\/p>\n\n\n\n<p><\/p>\n\n\n\n<h5 class=\"wp-block-heading\"><\/h5>\n\n\n\n<p>Nous&nbsp; avons&nbsp; le plaisir&nbsp;de mettre \u00e0 votre&nbsp; disposition la liste des&nbsp; <strong>pains<\/strong>&nbsp; autoris\u00e9s selon les&nbsp; crit\u00e8res&nbsp; de la Kacherouth, en vente dans&nbsp; les&nbsp; boulangeries&nbsp;\u00ab\u00a0DAVID\u00a0\u00bb <\/p>\n\n\n\n<div class=\"wp-block-file\"><a id=\"wp-block-file--media-6731435a-45d4-448a-a8e0-c0f78660c488\" href=\"http:\/\/communaute-israelite-saint-louis.fr\/wp-content\/uploads\/2023\/07\/liste-pains-autorises.pdf\">liste-pains-autorises<\/a><a href=\"http:\/\/communaute-israelite-saint-louis.fr\/wp-content\/uploads\/2023\/07\/liste-pains-autorises.pdf\" class=\"wp-block-file__button wp-element-button\" download aria-describedby=\"wp-block-file--media-6731435a-45d4-448a-a8e0-c0f78660c488\">T\u00e9l\u00e9charger<\/a><\/div>\n\n\n\n<p><\/p>\n\n\n\n<p>Boulangerie kasher Riedl\u00e9<strong>, seulement les pains suivants<\/strong>:<\/p>\n\n\n\n<div class=\"wp-block-file\"><a id=\"wp-block-file--media-c34c0280-a964-40a7-9efd-6f01a79dca5d\" href=\"https:\/\/communaute-israelite-saint-louis.fr\/wp-content\/uploads\/2026\/04\/IMG-20260419-WA0006-2.jpg\">IMG-20260419-WA0006<\/a><a href=\"https:\/\/communaute-israelite-saint-louis.fr\/wp-content\/uploads\/2026\/04\/IMG-20260419-WA0006-2.jpg\" class=\"wp-block-file__button wp-element-button\" download aria-describedby=\"wp-block-file--media-c34c0280-a964-40a7-9efd-6f01a79dca5d\">T\u00e9l\u00e9charger<\/a><\/div>\n\n\n\n<h4 class=\"wp-block-heading\">Adresses&nbsp; des&nbsp; boulangeries&nbsp; : <\/h4>\n\n\n\n<p>BLOTZHEIM. 10, rue&nbsp; du Mal&nbsp; de Lattre&nbsp; de&nbsp; Tassigny.&nbsp; T\u00e9l&nbsp; :&nbsp; 03 89 68 87 81 <\/p>\n\n\n\n<p>BOURGFELDEN. 19, rue du 1er&nbsp; Mars.&nbsp; T\u00e8l&nbsp; :&nbsp; 03 89 67 31 09. OUVERT tous les jours ouvrables jusqu&rsquo;\u00e0 12h30 &#8211; ferm\u00e9 l\u2019apr\u00e8s-midi &#8211; F\u00e9rm\u00e9 le dimanche. <\/p>\n\n\n\n<p>HUNINGUE , boulangerie&nbsp; aux trois&nbsp; lys&nbsp; :&nbsp; 20, rue&nbsp; Abbatucci.&nbsp; T\u00e8l&nbsp; :&nbsp; 03 89 67 91 22 ouvert&nbsp; tous&nbsp; les&nbsp; jours&nbsp; en continu jusqu&rsquo;\u00e0 18h30 sauf&nbsp; mercredi&nbsp; jusqu&rsquo;\u00e0 12h30 Fait&nbsp; \u00e0 St-Louis&nbsp; le&nbsp; 22 \/01\/2020<\/p>\n\n\n<p>&#8211;><\/p>\n\n\n<h5 class=\"wp-block-heading\"><strong>Hallots<\/strong> :<\/h5>\n\n\n\n<p>Nous avons un <strong>point de vente d&rsquo;excellentes Hallots toutes tailles <\/strong>&#8211; contact sur demande.<\/p>\n\n\n\n<h5 class=\"wp-block-heading\"><strong>TRAITEUR  :  WEILL EUROPE (GLATT KOCHER)<\/strong> <\/h5>\n\n\n\n<p>TEL: +33 6 01 85 42 77 <\/p>\n\n\n\n\n\n<div class=\"wp-block-media-text alignwide is-stacked-on-mobile\"><figure class=\"wp-block-media-text__media\"><\/figure><div class=\"wp-block-media-text__content\">\n<p class=\"has-large-font-size\"><\/p>\n<\/div><\/div>\n","protected":false},"excerpt":{"rendered":"<p>La Grande Synagogue : 5 rue de la Synagogue, 68300 Saint-Louis Le Centre communautaire : 19 rue du Temple, 68300 Saint-Louis Souccah Communautaire : 19 rue du Temple, 68300 Saint-Louis &#8230;<\/p>\n","protected":false},"author":1,"featured_media":0,"parent":0,"menu_order":0,"comment_status":"closed","ping_status":"closed","template":"","meta":{"footnotes":""},"class_list":["post-33","page","type-page","status-publish","hentry"],"_links":{"self":[{"href":"https:\/\/communaute-israelite-saint-louis.fr\/index.php?rest_route=\/wp\/v2\/pages\/33"}],"collection":[{"href":"https:\/\/communaute-israelite-saint-louis.fr\/index.php?rest_route=\/wp\/v2\/pages"}],"about":[{"href":"https:\/\/communaute-israelite-saint-louis.fr\/index.php?rest_route=\/wp\/v2\/types\/page"}],"author":[{"embeddable":true,"href":"https:\/\/communaute-israelite-saint-louis.fr\/index.php?rest_route=\/wp\/v2\/users\/1"}],"replies":[{"embeddable":true,"href":"https:\/\/communaute-israelite-saint-louis.fr\/index.php?rest_route=%2Fwp%2Fv2%2Fcomments&post=33"}],"version-history":[{"count":38,"href":"https:\/\/communaute-israelite-saint-louis.fr\/index.php?rest_route=\/wp\/v2\/pages\/33\/revisions"}],"predecessor-version":[{"id":675,"href":"https:\/\/communaute-israelite-saint-louis.fr\/index.php?rest_route=\/wp\/v2\/pages\/33\/revisions\/675"}],"wp:attachment":[{"href":"https:\/\/communaute-israelite-saint-louis.fr\/index.php?rest_route=%2Fwp%2Fv2%2Fmedia&parent=33"}],"curies":[{"name":"wp","href":"https:\/\/api.w.org\/{rel}","templated":true}]}}